{"id":200,"date":"2022-05-12T21:53:21","date_gmt":"2022-05-12T19:53:21","guid":{"rendered":"http:\/\/collectifchienassis.com\/?page_id=200"},"modified":"2026-01-31T11:14:21","modified_gmt":"2026-01-31T10:14:21","slug":"spectacle-en-cours-de-creation","status":"publish","type":"page","link":"https:\/\/collectifchienassis.com\/","title":{"rendered":"CINE-CONCERT\/PERFORMANCE VISUELLE ET SONORE"},"content":{"rendered":"\n<figure class=\"wp-block-image size-large\"><img loading=\"lazy\" decoding=\"async\" width=\"1024\" height=\"432\" src=\"http:\/\/collectifchienassis.com\/wp-content\/uploads\/2026\/01\/406219415_1247791933279182_1076713767286308524_n-1024x432.jpg\" alt=\"\" class=\"wp-image-684\" srcset=\"https:\/\/collectifchienassis.com\/wp-content\/uploads\/2026\/01\/406219415_1247791933279182_1076713767286308524_n-1024x432.jpg 1024w, https:\/\/collectifchienassis.com\/wp-content\/uploads\/2026\/01\/406219415_1247791933279182_1076713767286308524_n-300x126.jpg 300w, https:\/\/collectifchienassis.com\/wp-content\/uploads\/2026\/01\/406219415_1247791933279182_1076713767286308524_n-768x324.jpg 768w, https:\/\/collectifchienassis.com\/wp-content\/uploads\/2026\/01\/406219415_1247791933279182_1076713767286308524_n-1536x647.jpg 1536w, https:\/\/collectifchienassis.com\/wp-content\/uploads\/2026\/01\/406219415_1247791933279182_1076713767286308524_n.jpg 2048w\" sizes=\"auto, (max-width: 706px) 89vw, (max-width: 767px) 82vw, 740px\" \/><\/figure>\n\n\n\n<div class=\"wp-block-columns is-layout-flex wp-container-core-columns-is-layout-9d6595d7 wp-block-columns-is-layout-flex\">\n<div class=\"wp-block-column is-layout-flow wp-block-column-is-layout-flow\" style=\"flex-basis:600vw\">\n<div class=\"wp-block-group\"><div class=\"wp-block-group__inner-container is-layout-flow wp-block-group-is-layout-flow\">\n<div class=\"wp-block-columns is-layout-flex wp-container-core-columns-is-layout-9d6595d7 wp-block-columns-is-layout-flex\">\n<div class=\"wp-block-column is-layout-flow wp-block-column-is-layout-flow\" style=\"flex-basis:100%\">\n<p class=\"has-small-font-size\">\u00ab Histoires \u00e0 s\u2019asseoir debout\u201d est une&nbsp; performance visuelle et sonore, une fabrique d\u2019images sonoris\u00e9es et de sons imag\u00e9s, projet\u00e9s et anim\u00e9s en direct par 2 artistes pluridisciplinaires, et 2 musiciens multi-instrumentistes.<\/p>\n\n\n\n<p class=\"has-small-font-size\">Nous invitons le public \u00e0 voyager dans une fresque lumineuse, un vitrail fabriqu\u00e9 en direct, une bande dessin\u00e9e vivante. Nous &#8211; explorateurs de l\u2019image anim\u00e9e, de la lumi\u00e8re et du son &#8211; proposons une exp\u00e9rience synesth\u00e9sique et sensorielle cr\u00e9\u00e9e par des points de friction entre l\u2019ou\u00efe et la vue. Notre grand m\u00e9canisme l\u00e9g\u00e8rement al\u00e9atoire est cr\u00e9\u00e9 comme un ensemble de fen\u00eatres ouvertes sur diff\u00e9rents points de vue, invitant le spectateur \u00e0 balader son regard et se laisser immerger dans l\u2019\u00e9paisseur de l\u2019espace et du temps.<\/p>\n\n\n\n<p class=\"has-small-font-size\">Nous hybridons nos univers \u00e0 travers un jeu d\u2019improvisations et de compositions, au croisement de la musique \u00e9lectro-acoustique, des arts plastiques, du th\u00e9\u00e2tre d\u2019ombres d\u2019effets optiques et magiques. Le processus de cr\u00e9ation est central :&nbsp; le \u201cfait main\u201d et le \u201cfabriqu\u00e9 en live\u201d sont mis en avant par l\u2019animation&nbsp; d\u2019images textures, d\u2019encres, d\u2019objets, de mat\u00e9riaux insoup\u00e7onn\u00e9s\u2026 sur des r\u00e9troprojecteurs.&nbsp; Les musiciens cr\u00e9ent de la mati\u00e8re sonore , des superpositions gr\u00e2ce \u00e0 des instruments \u00e9lectroniques ( synth\u00e9tiseurs loopers, effets\u2026) mais \u00e9galement des instruments acoustiques ( basse, fl\u00fbtes, claviers, saxophones, percussions \u2026)&nbsp;<\/p>\n\n\n\n<p class=\"has-small-font-size\">Des familles d\u2019images sont d\u00e9ploy\u00e9es en diff\u00e9rents chapitres, comme les pages d\u2019un livre. Les th\u00e9matiques y sont multiples, faisant interagir et coexister diff\u00e9rents univers esth\u00e9tiques, du micro au macroscopique. Chaque tableau lumineux ou set musical, chaque histoire,&nbsp; propose un univers singulier sans fixer de r\u00e9cit, ouvert \u00e0 l\u2019interpr\u00e9tation de chacun.&nbsp;<\/p>\n\n\n\n<p class=\"has-small-font-size\">Les images sont projet\u00e9es sur un \u00e9cran articul\u00e9 compos\u00e9 de stores v\u00e9nitiens&nbsp; suspendus et superpos\u00e9s, le tout pouvant \u00eatre anim\u00e9 par des m\u00e9canismes manuels. Cet \u00e9cran \/ fen\u00eatre \/ marionnette constitue le noyau d\u2019o\u00f9 jaillissent des \u00abHistoires \u00e0 s\u2019asseoir debout\u00bb.<\/p>\n\n\n\n<p class=\"has-small-font-size\">Nous proposons au public d\u2019\u00eatre immerg\u00e9 dans le dispositif &#8211; entre la fabrique \u00e0 son et image et l\u2019\u00e9cran marionnette &#8211; et de pouvoir regarder le spectacle depuis plusieurs points de vue, sans devant ni derri\u00e8re (si\u00e8ges sans directions, miroirs r\u00e9troviseurs, mise en sc\u00e8ne de la \u00abfabrique \u00e0 sons et \u00e0 images\u00bb\u2026).&nbsp;<\/p>\n\n\n\n<p style=\"font-size:11px\"><em>Ce projet b\u00e9n\u00e9ficie du soutien de : R\u00e9gion <\/em>Grand Est, D\u00e9partement de la Marne, DRAC Grand Est. <em>C\u00e9sar\u00e9 (Centre National de Cr\u00e9ation Musicale de Reims), la Com\u00e8te (Sc\u00e8ne Nationale Ch\u00e2lons en Champagne), Bord 2 Sc\u00e8nes (Vitry-le-Fran\u00e7ois),&nbsp; Co-produit avec Musiques sur la Ville- (Ch\u00e2lons en Champagne) dans le cadre du festival Mia 3 ainsi que la MJC Calonne (Sedan), avec la complicit\u00e9 du M\u00eaMo (fabrique artistique \u00e0 Nancy) et Furies (Ch\u00e2lons-en-Champagne). <\/em> <\/p>\n\n\n\n<p style=\"font-size:11px\">Aide \u00e0 la mise en sc\u00e8ne : Emily Evans, compagnie Br\u00fblante<\/p>\n\n\n\n<p class=\"has-small-font-size\">(Fiche technique et dossier p\u00e9dagogique sur demande)<\/p>\n<\/div>\n<\/div>\n<\/div><\/div>\n<\/div>\n<\/div>\n\n\n\n<figure class=\"wp-block-gallery has-nested-images columns-1 is-cropped wp-block-gallery-1 is-layout-flex wp-block-gallery-is-layout-flex\">\n<figure class=\"wp-block-image size-full\"><img loading=\"lazy\" decoding=\"async\" width=\"2560\" height=\"1811\" data-id=\"661\" src=\"https:\/\/collectifchienassis.com\/wp-content\/uploads\/2026\/01\/chienassis3-scaled.jpg\" alt=\"\" class=\"wp-image-661\" srcset=\"https:\/\/collectifchienassis.com\/wp-content\/uploads\/2026\/01\/chienassis3-scaled.jpg 2560w, https:\/\/collectifchienassis.com\/wp-content\/uploads\/2026\/01\/chienassis3-300x212.jpg 300w, https:\/\/collectifchienassis.com\/wp-content\/uploads\/2026\/01\/chienassis3-1024x724.jpg 1024w, https:\/\/collectifchienassis.com\/wp-content\/uploads\/2026\/01\/chienassis3-768x543.jpg 768w, https:\/\/collectifchienassis.com\/wp-content\/uploads\/2026\/01\/chienassis3-1536x1086.jpg 1536w, https:\/\/collectifchienassis.com\/wp-content\/uploads\/2026\/01\/chienassis3-2048x1448.jpg 2048w\" sizes=\"auto, (max-width: 706px) 89vw, (max-width: 767px) 82vw, 740px\" \/><\/figure>\n\n\n\n<figure class=\"wp-block-image size-full\"><img loading=\"lazy\" decoding=\"async\" width=\"2560\" height=\"1707\" data-id=\"727\" src=\"https:\/\/collectifchienassis.com\/wp-content\/uploads\/2026\/01\/IMG_1238-3-scaled.jpg\" alt=\"\" class=\"wp-image-727\" srcset=\"https:\/\/collectifchienassis.com\/wp-content\/uploads\/2026\/01\/IMG_1238-3-scaled.jpg 2560w, https:\/\/collectifchienassis.com\/wp-content\/uploads\/2026\/01\/IMG_1238-3-300x200.jpg 300w, https:\/\/collectifchienassis.com\/wp-content\/uploads\/2026\/01\/IMG_1238-3-1024x683.jpg 1024w, https:\/\/collectifchienassis.com\/wp-content\/uploads\/2026\/01\/IMG_1238-3-768x512.jpg 768w, https:\/\/collectifchienassis.com\/wp-content\/uploads\/2026\/01\/IMG_1238-3-1536x1024.jpg 1536w, https:\/\/collectifchienassis.com\/wp-content\/uploads\/2026\/01\/IMG_1238-3-2048x1365.jpg 2048w\" sizes=\"auto, (max-width: 706px) 89vw, (max-width: 767px) 82vw, 740px\" \/><\/figure>\n\n\n\n<figure class=\"wp-block-image size-full\"><img loading=\"lazy\" decoding=\"async\" width=\"1532\" height=\"2048\" data-id=\"692\" src=\"https:\/\/collectifchienassis.com\/wp-content\/uploads\/2026\/01\/370292901_1087848359017288_1107752900205119109_n.jpg\" alt=\"\" class=\"wp-image-692\" srcset=\"https:\/\/collectifchienassis.com\/wp-content\/uploads\/2026\/01\/370292901_1087848359017288_1107752900205119109_n.jpg 1532w, https:\/\/collectifchienassis.com\/wp-content\/uploads\/2026\/01\/370292901_1087848359017288_1107752900205119109_n-224x300.jpg 224w, https:\/\/collectifchienassis.com\/wp-content\/uploads\/2026\/01\/370292901_1087848359017288_1107752900205119109_n-766x1024.jpg 766w, https:\/\/collectifchienassis.com\/wp-content\/uploads\/2026\/01\/370292901_1087848359017288_1107752900205119109_n-768x1027.jpg 768w, https:\/\/collectifchienassis.com\/wp-content\/uploads\/2026\/01\/370292901_1087848359017288_1107752900205119109_n-1149x1536.jpg 1149w\" sizes=\"auto, (max-width: 706px) 89vw, (max-width: 767px) 82vw, 740px\" \/><\/figure>\n\n\n\n<figure class=\"wp-block-image size-full\"><img loading=\"lazy\" decoding=\"async\" width=\"2560\" height=\"1442\" data-id=\"283\" src=\"https:\/\/collectifchienassis.com\/wp-content\/uploads\/2022\/05\/P1133802-scaled.jpg\" alt=\"\" class=\"wp-image-283\" srcset=\"https:\/\/collectifchienassis.com\/wp-content\/uploads\/2022\/05\/P1133802-scaled.jpg 2560w, https:\/\/collectifchienassis.com\/wp-content\/uploads\/2022\/05\/P1133802-300x169.jpg 300w, https:\/\/collectifchienassis.com\/wp-content\/uploads\/2022\/05\/P1133802-1024x577.jpg 1024w, https:\/\/collectifchienassis.com\/wp-content\/uploads\/2022\/05\/P1133802-768x433.jpg 768w, https:\/\/collectifchienassis.com\/wp-content\/uploads\/2022\/05\/P1133802-1536x865.jpg 1536w, https:\/\/collectifchienassis.com\/wp-content\/uploads\/2022\/05\/P1133802-2048x1154.jpg 2048w\" sizes=\"auto, (max-width: 706px) 89vw, (max-width: 767px) 82vw, 740px\" \/><\/figure>\n\n\n\n<figure class=\"wp-block-image size-full\"><img loading=\"lazy\" decoding=\"async\" width=\"2560\" height=\"1707\" data-id=\"667\" src=\"https:\/\/collectifchienassis.com\/wp-content\/uploads\/2026\/01\/IMG_1199-scaled.jpg\" alt=\"\" class=\"wp-image-667\" srcset=\"https:\/\/collectifchienassis.com\/wp-content\/uploads\/2026\/01\/IMG_1199-scaled.jpg 2560w, https:\/\/collectifchienassis.com\/wp-content\/uploads\/2026\/01\/IMG_1199-300x200.jpg 300w, https:\/\/collectifchienassis.com\/wp-content\/uploads\/2026\/01\/IMG_1199-1024x683.jpg 1024w, https:\/\/collectifchienassis.com\/wp-content\/uploads\/2026\/01\/IMG_1199-768x512.jpg 768w, https:\/\/collectifchienassis.com\/wp-content\/uploads\/2026\/01\/IMG_1199-1536x1024.jpg 1536w, https:\/\/collectifchienassis.com\/wp-content\/uploads\/2026\/01\/IMG_1199-2048x1365.jpg 2048w\" sizes=\"auto, (max-width: 706px) 89vw, (max-width: 767px) 82vw, 740px\" \/><\/figure>\n<\/figure>\n\n\n\n<figure class=\"wp-block-gallery has-nested-images columns-2 is-cropped wp-block-gallery-2 is-layout-flex wp-block-gallery-is-layout-flex\">\n<figure class=\"wp-block-image size-large\"><img loading=\"lazy\" decoding=\"async\" width=\"1024\" height=\"640\" data-id=\"699\" src=\"https:\/\/collectifchienassis.com\/wp-content\/uploads\/2026\/01\/Captura-de-pantalla-2023-11-07-a-las-19.40.30-1-1024x640.jpeg\" alt=\"\" class=\"wp-image-699\" srcset=\"https:\/\/collectifchienassis.com\/wp-content\/uploads\/2026\/01\/Captura-de-pantalla-2023-11-07-a-las-19.40.30-1-1024x640.jpeg 1024w, https:\/\/collectifchienassis.com\/wp-content\/uploads\/2026\/01\/Captura-de-pantalla-2023-11-07-a-las-19.40.30-1-300x188.jpeg 300w, https:\/\/collectifchienassis.com\/wp-content\/uploads\/2026\/01\/Captura-de-pantalla-2023-11-07-a-las-19.40.30-1-768x480.jpeg 768w, https:\/\/collectifchienassis.com\/wp-content\/uploads\/2026\/01\/Captura-de-pantalla-2023-11-07-a-las-19.40.30-1-1536x960.jpeg 1536w, https:\/\/collectifchienassis.com\/wp-content\/uploads\/2026\/01\/Captura-de-pantalla-2023-11-07-a-las-19.40.30-1-2048x1280.jpeg 2048w\" sizes=\"auto, (max-width: 706px) 89vw, (max-width: 767px) 82vw, 740px\" \/><\/figure>\n\n\n\n<figure class=\"wp-block-image size-full\"><img loading=\"lazy\" decoding=\"async\" width=\"2560\" height=\"1514\" data-id=\"702\" src=\"https:\/\/collectifchienassis.com\/wp-content\/uploads\/2026\/01\/P1144024-scaled.jpg\" alt=\"\" class=\"wp-image-702\" srcset=\"https:\/\/collectifchienassis.com\/wp-content\/uploads\/2026\/01\/P1144024-scaled.jpg 2560w, https:\/\/collectifchienassis.com\/wp-content\/uploads\/2026\/01\/P1144024-300x177.jpg 300w, https:\/\/collectifchienassis.com\/wp-content\/uploads\/2026\/01\/P1144024-1024x606.jpg 1024w, https:\/\/collectifchienassis.com\/wp-content\/uploads\/2026\/01\/P1144024-768x454.jpg 768w, https:\/\/collectifchienassis.com\/wp-content\/uploads\/2026\/01\/P1144024-1536x908.jpg 1536w, https:\/\/collectifchienassis.com\/wp-content\/uploads\/2026\/01\/P1144024-2048x1211.jpg 2048w\" sizes=\"auto, (max-width: 706px) 89vw, (max-width: 767px) 82vw, 740px\" \/><\/figure>\n\n\n\n<figure class=\"wp-block-image size-large\"><img loading=\"lazy\" decoding=\"async\" width=\"1024\" height=\"498\" data-id=\"782\" src=\"https:\/\/collectifchienassis.com\/wp-content\/uploads\/2026\/01\/20241121_144547-1-1024x498.jpg\" alt=\"\" class=\"wp-image-782\" srcset=\"https:\/\/collectifchienassis.com\/wp-content\/uploads\/2026\/01\/20241121_144547-1-1024x498.jpg 1024w, https:\/\/collectifchienassis.com\/wp-content\/uploads\/2026\/01\/20241121_144547-1-300x146.jpg 300w, https:\/\/collectifchienassis.com\/wp-content\/uploads\/2026\/01\/20241121_144547-1-768x373.jpg 768w, https:\/\/collectifchienassis.com\/wp-content\/uploads\/2026\/01\/20241121_144547-1-1536x747.jpg 1536w, https:\/\/collectifchienassis.com\/wp-content\/uploads\/2026\/01\/20241121_144547-1-2048x996.jpg 2048w\" sizes=\"auto, (max-width: 706px) 89vw, (max-width: 767px) 82vw, 740px\" \/><\/figure>\n\n\n\n<figure class=\"wp-block-image size-full\"><img loading=\"lazy\" decoding=\"async\" width=\"2560\" height=\"1442\" data-id=\"686\" src=\"https:\/\/collectifchienassis.com\/wp-content\/uploads\/2026\/01\/A-Universes-esthetiques.-@vasiltasevski-P1133738-scaled.jpg\" alt=\"\" class=\"wp-image-686\" srcset=\"https:\/\/collectifchienassis.com\/wp-content\/uploads\/2026\/01\/A-Universes-esthetiques.-@vasiltasevski-P1133738-scaled.jpg 2560w, https:\/\/collectifchienassis.com\/wp-content\/uploads\/2026\/01\/A-Universes-esthetiques.-@vasiltasevski-P1133738-300x169.jpg 300w, https:\/\/collectifchienassis.com\/wp-content\/uploads\/2026\/01\/A-Universes-esthetiques.-@vasiltasevski-P1133738-1024x577.jpg 1024w, https:\/\/collectifchienassis.com\/wp-content\/uploads\/2026\/01\/A-Universes-esthetiques.-@vasiltasevski-P1133738-768x433.jpg 768w, https:\/\/collectifchienassis.com\/wp-content\/uploads\/2026\/01\/A-Universes-esthetiques.-@vasiltasevski-P1133738-1536x865.jpg 1536w, https:\/\/collectifchienassis.com\/wp-content\/uploads\/2026\/01\/A-Universes-esthetiques.-@vasiltasevski-P1133738-2048x1154.jpg 2048w\" sizes=\"auto, (max-width: 706px) 89vw, (max-width: 767px) 82vw, 740px\" \/><\/figure>\n\n\n\n<figure class=\"wp-block-image size-large\"><img decoding=\"async\" data-id=\"443\" src=\"http:\/\/collectifchienassis.com\/wp-content\/uploads\/2022\/06\/220514-Collectif-Chien-Assis-@-Philippe-Jacquemin-52.jpg\" alt=\"\" class=\"wp-image-443\"\/><\/figure>\n\n\n\n<figure class=\"wp-block-image size-full\"><img loading=\"lazy\" decoding=\"async\" width=\"912\" height=\"684\" data-id=\"697\" src=\"http:\/\/collectifchienassis.com\/wp-content\/uploads\/2026\/01\/384539235_293218696856041_7769796896896386554_n.jpg\" alt=\"\" class=\"wp-image-697\" srcset=\"https:\/\/collectifchienassis.com\/wp-content\/uploads\/2026\/01\/384539235_293218696856041_7769796896896386554_n.jpg 912w, https:\/\/collectifchienassis.com\/wp-content\/uploads\/2026\/01\/384539235_293218696856041_7769796896896386554_n-300x225.jpg 300w, https:\/\/collectifchienassis.com\/wp-content\/uploads\/2026\/01\/384539235_293218696856041_7769796896896386554_n-768x576.jpg 768w\" sizes=\"auto, (max-width: 706px) 89vw, (max-width: 767px) 82vw, 740px\" \/><\/figure>\n\n\n\n<figure class=\"wp-block-image size-large\"><img loading=\"lazy\" decoding=\"async\" width=\"1829\" height=\"2560\" data-id=\"452\" src=\"http:\/\/collectifchienassis.com\/wp-content\/uploads\/2022\/06\/220514-Collectif-Chien-Assis-@-Philippe-Jacquemin-51-scaled.jpg\" alt=\"\" class=\"wp-image-452\" srcset=\"https:\/\/collectifchienassis.com\/wp-content\/uploads\/2022\/06\/220514-Collectif-Chien-Assis-@-Philippe-Jacquemin-51-scaled.jpg 1829w, https:\/\/collectifchienassis.com\/wp-content\/uploads\/2022\/06\/220514-Collectif-Chien-Assis-@-Philippe-Jacquemin-51-214x300.jpg 214w, https:\/\/collectifchienassis.com\/wp-content\/uploads\/2022\/06\/220514-Collectif-Chien-Assis-@-Philippe-Jacquemin-51-731x1024.jpg 731w, https:\/\/collectifchienassis.com\/wp-content\/uploads\/2022\/06\/220514-Collectif-Chien-Assis-@-Philippe-Jacquemin-51-768x1075.jpg 768w, https:\/\/collectifchienassis.com\/wp-content\/uploads\/2022\/06\/220514-Collectif-Chien-Assis-@-Philippe-Jacquemin-51-1097x1536.jpg 1097w\" sizes=\"auto, (max-width: 706px) 89vw, (max-width: 767px) 82vw, 740px\" \/><\/figure>\n\n\n\n<figure class=\"wp-block-image size-large\"><img loading=\"lazy\" decoding=\"async\" width=\"670\" height=\"1024\" data-id=\"437\" src=\"http:\/\/collectifchienassis.com\/wp-content\/uploads\/2022\/06\/220514-Collectif-Chien-Assis-@-Philippe-Jacquemin-44-670x1024.jpg\" alt=\"\" class=\"wp-image-437\" srcset=\"https:\/\/collectifchienassis.com\/wp-content\/uploads\/2022\/06\/220514-Collectif-Chien-Assis-@-Philippe-Jacquemin-44-670x1024.jpg 670w, https:\/\/collectifchienassis.com\/wp-content\/uploads\/2022\/06\/220514-Collectif-Chien-Assis-@-Philippe-Jacquemin-44-196x300.jpg 196w, https:\/\/collectifchienassis.com\/wp-content\/uploads\/2022\/06\/220514-Collectif-Chien-Assis-@-Philippe-Jacquemin-44-768x1174.jpg 768w, https:\/\/collectifchienassis.com\/wp-content\/uploads\/2022\/06\/220514-Collectif-Chien-Assis-@-Philippe-Jacquemin-44-1005x1536.jpg 1005w, https:\/\/collectifchienassis.com\/wp-content\/uploads\/2022\/06\/220514-Collectif-Chien-Assis-@-Philippe-Jacquemin-44-1340x2048.jpg 1340w, https:\/\/collectifchienassis.com\/wp-content\/uploads\/2022\/06\/220514-Collectif-Chien-Assis-@-Philippe-Jacquemin-44-scaled.jpg 1674w\" sizes=\"auto, (max-width: 670px) 100vw, 670px\" \/><\/figure>\n<\/figure>\n\n\n\n<figure class=\"wp-block-embed is-type-video is-provider-vimeo wp-block-embed-vimeo wp-embed-aspect-16-9 wp-has-aspect-ratio\"><div class=\"wp-block-embed__wrapper\">\n<iframe loading=\"lazy\" title=\"After movie Bords 2 Sc\u00e8nes. F\u00e9vrier 2024.\" src=\"https:\/\/player.vimeo.com\/video\/930570740?dnt=1&amp;app_id=122963\" width=\"525\" height=\"295\" frameborder=\"0\" allow=\"autoplay; fullscreen; picture-in-picture; clipboard-write; encrypted-media; web-share\" referrerpolicy=\"strict-origin-when-cross-origin\"><\/iframe>\n<\/div><\/figure>\n","protected":false},"excerpt":{"rendered":"<p>\u00ab Histoires \u00e0 s\u2019asseoir debout\u201d est une&nbsp; performance visuelle et sonore, une fabrique d\u2019images sonoris\u00e9es et de sons imag\u00e9s, projet\u00e9s et anim\u00e9s en direct par 2 artistes pluridisciplinaires, et 2 musiciens multi-instrumentistes. Nous invitons le public \u00e0 voyager dans une fresque lumineuse, un vitrail fabriqu\u00e9 en direct, une bande dessin\u00e9e vivante. Nous &#8211; explorateurs de &hellip; <\/p>\n<p class=\"link-more\"><a href=\"https:\/\/collectifchienassis.com\/\" class=\"more-link\">Continue reading<span class=\"screen-reader-text\"> &#8220;CINE-CONCERT\/PERFORMANCE VISUELLE ET SONORE&#8221;<\/span><\/a><\/p>\n","protected":false},"author":1,"featured_media":660,"parent":0,"menu_order":0,"comment_status":"closed","ping_status":"closed","template":"","meta":{"footnotes":""},"class_list":["post-200","page","type-page","status-publish","has-post-thumbnail","hentry"],"_links":{"self":[{"href":"https:\/\/collectifchienassis.com\/index.php\/wp-json\/wp\/v2\/pages\/200","targetHints":{"allow":["GET"]}}],"collection":[{"href":"https:\/\/collectifchienassis.com\/index.php\/wp-json\/wp\/v2\/pages"}],"about":[{"href":"https:\/\/collectifchienassis.com\/index.php\/wp-json\/wp\/v2\/types\/page"}],"author":[{"embeddable":true,"href":"https:\/\/collectifchienassis.com\/index.php\/wp-json\/wp\/v2\/users\/1"}],"replies":[{"embeddable":true,"href":"https:\/\/collectifchienassis.com\/index.php\/wp-json\/wp\/v2\/comments?post=200"}],"version-history":[{"count":44,"href":"https:\/\/collectifchienassis.com\/index.php\/wp-json\/wp\/v2\/pages\/200\/revisions"}],"predecessor-version":[{"id":787,"href":"https:\/\/collectifchienassis.com\/index.php\/wp-json\/wp\/v2\/pages\/200\/revisions\/787"}],"wp:featuredmedia":[{"embeddable":true,"href":"https:\/\/collectifchienassis.com\/index.php\/wp-json\/wp\/v2\/media\/660"}],"wp:attachment":[{"href":"https:\/\/collectifchienassis.com\/index.php\/wp-json\/wp\/v2\/media?parent=200"}],"curies":[{"name":"wp","href":"https:\/\/api.w.org\/{rel}","templated":true}]}}